{"id":2595,"date":"2026-01-08T08:28:23","date_gmt":"2026-01-08T08:28:23","guid":{"rendered":"http:\/\/192.168.30.47\/?page_id=2595"},"modified":"2026-01-13T07:12:12","modified_gmt":"2026-01-13T07:12:12","slug":"chat","status":"publish","type":"page","link":"https:\/\/rezilientaclimatica.adrvest.ro\/en\/chat\/","title":{"rendered":"Chat"},"content":{"rendered":"<div data-elementor-type=\"wp-page\" data-elementor-id=\"2595\" class=\"elementor elementor-2595\" data-elementor-post-type=\"page\">\n\t\t\t\t<div class=\"elementor-element elementor-element-96c3f3a e-flex e-con-boxed e-con e-parent\" data-id=\"96c3f3a\" data-element_type=\"container\" data-e-type=\"container\">\n\t\t\t\t\t<div class=\"e-con-inner\">\n\t\t\t\t<div class=\"elementor-element elementor-element-653933e elementor-widget elementor-widget-spacer\" data-id=\"653933e\" data-element_type=\"widget\" data-e-type=\"widget\" data-widget_type=\"spacer.default\">\n\t\t\t\t\t\t\t<div class=\"elementor-spacer\">\n\t\t\t<div class=\"elementor-spacer-inner\"><\/div>\n\t\t<\/div>\n\t\t\t\t\t\t<\/div>\n\t\t\t\t\t<\/div>\n\t\t\t\t<\/div>\n\t\t<div class=\"elementor-element elementor-element-6a75f91 e-flex e-con-boxed e-con e-parent\" data-id=\"6a75f91\" data-element_type=\"container\" data-e-type=\"container\">\n\t\t\t\t\t<div class=\"e-con-inner\">\n\t\t<div class=\"elementor-element elementor-element-c3ce553 e-con-full e-flex e-con e-child\" data-id=\"c3ce553\" data-element_type=\"container\" data-e-type=\"container\">\n\t\t\t\t<div class=\"elementor-element elementor-element-142cada elementor-widget elementor-widget-html\" data-id=\"142cada\" data-element_type=\"widget\" data-e-type=\"widget\" data-widget_type=\"html.default\">\n\t\t\t\t\t<iframe\r\n  src=\"https:\/\/app.livechatai.com\/aibot-iframe\/cmk530lpn0002la04qyeec96x\"\r\n  style=\"border:1px solid #EAEAEA\"\r\n  width=\"100%\"\r\n  height=\"600\"\r\n  frameborder=\"0\"\r\n  allow=\"microphone\"\r\n><\/iframe>\t\t\t\t<\/div>\n\t\t\t\t<div class=\"elementor-element elementor-element-0e99784 elementor-widget elementor-widget-text-editor\" data-id=\"0e99784\" data-element_type=\"widget\" data-e-type=\"widget\" data-widget_type=\"text-editor.default\">\n\t\t\t\t\t\t\t\t\t<p style=\"text-align: center;\">R\u0103spunsurile EcoBot sunt generate cu ajutorul inteligen\u021bei artificiale, pe baza surselor integrate \u00een Platforma pentru Rezilien\u021b\u0103 Climatic\u0103 a Regiunii Vest. Aceasta este o func\u021bionalitate aflat\u0103 \u00een versiune beta. R\u0103spunsurile pot con\u021bine erori sau omisiuni, a\u0219adar v\u0103 recomand\u0103m s\u0103 verifica\u021bi informa\u021biile importante consult\u00e2nd sursele indicate \u00een platforma.<\/p>\t\t\t\t\t\t\t\t<\/div>\n\t\t\t\t<\/div>\n\t\t\t\t\t<\/div>\n\t\t\t\t<\/div>\n\t\t\t\t<\/div>","protected":false},"excerpt":{"rendered":"<p>R\u0103spunsurile EcoBot sunt generate cu ajutorul inteligen\u021bei artificiale, pe baza surselor integrate \u00een Platforma pentru Rezilien\u021b\u0103 Climatic\u0103 a Regiunii Vest. Aceasta este o func\u021bionalitate aflat\u0103 \u00een versiune beta. R\u0103spunsurile pot con\u021bine erori sau omisiuni, a\u0219adar v\u0103 recomand\u0103m s\u0103 verifica\u021bi informa\u021biile importante consult\u00e2nd sursele indicate \u00een platforma.<\/p>","protected":false},"author":1,"featured_media":0,"parent":0,"menu_order":0,"comment_status":"closed","ping_status":"closed","template":"elementor_header_footer","meta":{"_angie_page":false,"footnotes":""},"class_list":["post-2595","page","type-page","status-publish","hentry"],"_links":{"self":[{"href":"https:\/\/rezilientaclimatica.adrvest.ro\/en\/wp-json\/wp\/v2\/pages\/2595","targetHints":{"allow":["GET"]}}],"collection":[{"href":"https:\/\/rezilientaclimatica.adrvest.ro\/en\/wp-json\/wp\/v2\/pages"}],"about":[{"href":"https:\/\/rezilientaclimatica.adrvest.ro\/en\/wp-json\/wp\/v2\/types\/page"}],"author":[{"embeddable":true,"href":"https:\/\/rezilientaclimatica.adrvest.ro\/en\/wp-json\/wp\/v2\/users\/1"}],"replies":[{"embeddable":true,"href":"https:\/\/rezilientaclimatica.adrvest.ro\/en\/wp-json\/wp\/v2\/comments?post=2595"}],"version-history":[{"count":157,"href":"https:\/\/rezilientaclimatica.adrvest.ro\/en\/wp-json\/wp\/v2\/pages\/2595\/revisions"}],"predecessor-version":[{"id":2802,"href":"https:\/\/rezilientaclimatica.adrvest.ro\/en\/wp-json\/wp\/v2\/pages\/2595\/revisions\/2802"}],"wp:attachment":[{"href":"https:\/\/rezilientaclimatica.adrvest.ro\/en\/wp-json\/wp\/v2\/media?parent=2595"}],"curies":[{"name":"wp","href":"https:\/\/api.w.org\/{rel}","templated":true}]}}