{"id":225,"date":"2025-10-22T11:31:46","date_gmt":"2025-10-22T11:31:46","guid":{"rendered":"http:\/\/192.168.30.47\/contact-2\/"},"modified":"2025-12-11T07:21:45","modified_gmt":"2025-12-11T07:21:45","slug":"contact","status":"publish","type":"page","link":"https:\/\/rezilientaclimatica.adrvest.ro\/en\/contact\/","title":{"rendered":"Contact"},"content":{"rendered":"<div data-elementor-type=\"wp-page\" data-elementor-id=\"225\" class=\"elementor elementor-225\" data-elementor-post-type=\"page\">\n\t\t\t\t<div class=\"elementor-element elementor-element-6185da5 e-flex e-con-boxed e-con e-parent\" data-id=\"6185da5\" data-element_type=\"container\" data-e-type=\"container\" data-settings=\"{&quot;background_background&quot;:&quot;classic&quot;}\">\n\t\t\t\t\t<div class=\"e-con-inner\">\n\t\t<div class=\"elementor-element elementor-element-acd8a42 e-con-full e-flex e-con e-child\" data-id=\"acd8a42\" data-element_type=\"container\" data-e-type=\"container\">\n\t\t\t\t<div class=\"elementor-element elementor-element-0e68898 elementor-widget elementor-widget-heading\" data-id=\"0e68898\" data-element_type=\"widget\" data-e-type=\"widget\" data-widget_type=\"heading.default\">\n\t\t\t\t\t<h2 class=\"elementor-heading-title elementor-size-default\">Contact<\/h2>\t\t\t\t<\/div>\n\t\t\t\t<\/div>\n\t\t<div class=\"elementor-element elementor-element-8fd0565 e-con-full e-flex e-con e-child\" data-id=\"8fd0565\" data-element_type=\"container\" data-e-type=\"container\">\n\t\t\t\t<div class=\"elementor-element elementor-element-fb70a6f elementor-widget elementor-widget-text-editor\" data-id=\"fb70a6f\" data-element_type=\"widget\" data-e-type=\"widget\" data-widget_type=\"text-editor.default\">\n\t\t\t\t\t\t\t\t\t<p>Nokia \u2013 Bega Business Center, Splaiul Nicolae Titulescu nr. 8, etaj 3<br \/>300158, Timi\u0219oara, ROM\u00c2NIA<\/p><p>Telefon #1: +40 256 491923<br \/>Telefon #2: +40 746 156521<br \/>Fax: +40 256 491981<\/p><p>e-mail: office@adrvest.ro<br \/>web: https:\/\/www.adrvest.ro<\/p>\t\t\t\t\t\t\t\t<\/div>\n\t\t\t\t<\/div>\n\t\t<div class=\"elementor-element elementor-element-52f95fe e-con-full e-flex e-con e-child\" data-id=\"52f95fe\" data-element_type=\"container\" data-e-type=\"container\">\n\t\t\t\t<div class=\"elementor-element elementor-element-647706f elementor-widget elementor-widget-google_maps\" data-id=\"647706f\" data-element_type=\"widget\" data-e-type=\"widget\" data-widget_type=\"google_maps.default\">\n\t\t\t\t\t\t\t<div class=\"elementor-custom-embed\">\n\t\t\t<iframe loading=\"lazy\"\n\t\t\t\t\tsrc=\"https:\/\/maps.google.com\/maps?q=Timisoara%2C%20Agentia%20de%20Dezvoltare%20Regionala%2C%20ADR%20Vest&#038;t=m&#038;z=14&#038;output=embed&#038;iwloc=near\"\n\t\t\t\t\ttitle=\"Timisoara, Agentia de Dezvoltare Regionala, ADR Vest\"\n\t\t\t\t\taria-label=\"Timisoara, Agentia de Dezvoltare Regionala, ADR Vest\"\n\t\t\t><\/iframe>\n\t\t<\/div>\n\t\t\t\t\t\t<\/div>\n\t\t\t\t<\/div>\n\t\t\t\t\t<\/div>\n\t\t\t\t<\/div>\n\t\t<div class=\"elementor-element elementor-element-739d71f e-flex e-con-boxed e-con e-parent\" data-id=\"739d71f\" data-element_type=\"container\" data-e-type=\"container\">\n\t\t\t\t\t<div class=\"e-con-inner\">\n\t\t\t\t<div class=\"elementor-element elementor-element-f8f6c28 elementor-widget elementor-widget-heading\" data-id=\"f8f6c28\" data-element_type=\"widget\" data-e-type=\"widget\" data-widget_type=\"heading.default\">\n\t\t\t\t\t<h2 class=\"elementor-heading-title elementor-size-default\">Become a Member of the Regional Climate Change Resilience Network<\/h2>\t\t\t\t<\/div>\n\t\t\t\t<div class=\"elementor-element elementor-element-cfb7e95 elementor-widget elementor-widget-text-editor\" data-id=\"cfb7e95\" data-element_type=\"widget\" data-e-type=\"widget\" data-widget_type=\"text-editor.default\">\n\t\t\t\t\t\t\t\t\t<p>The West Climate Resilience Network is a collaborative regional platform dedicated to building a climate-resilient and sustainable future for the West Region of Romania. Born from the PACT4.0WEST project, the Network brings together public authorities, private sector representatives, universities, research institutions, NGOs, and local communities to work collectively on climate adaptation and transformation.<\/p><p>Joining the West Climate Resilience Network means becoming part of a long-term partnership that will monitor and evaluate regional resilience strategies, inspire innovative climate solutions, and empower local communities to adapt to a changing climate.<\/p><p>As a member, you\u2019ll help co-design solutions, influence regional strategies, and drive real impact, from assessing climate risks to building community resilience and mobilising resources.<\/p><p>To become a member, please fill in the form below and join our regional network for climate resilience.<\/p>\t\t\t\t\t\t\t\t<\/div>\n\t\t\t\t\t<\/div>\n\t\t\t\t<\/div>\n\t\t\t\t<\/div>","protected":false},"excerpt":{"rendered":"<p>Contact Nokia \u2013 Bega Business Center, Splaiul Nicolae Titulescu nr. 8, etaj 3300158, Timi\u0219oara, ROM\u00c2NIA Telefon #1: +40 256 491923Telefon #2: +40 746 156521Fax: +40 256 491981 e-mail: office@adrvest.roweb: https:\/\/www.adrvest.ro Devino Membru al Re\u021belei Regionale de Rezilien\u021b\u0103 Climatic\u0103 Re\u021beaua de Rezilien\u021b\u0103 Climatic\u0103 Vest este o platform\u0103 regional\u0103 de colaborare dedicat\u0103 construirii unui viitor sustenabil \u0219i [&hellip;]<\/p>\n","protected":false},"author":1,"featured_media":0,"parent":0,"menu_order":0,"comment_status":"closed","ping_status":"closed","template":"","meta":{"_angie_page":false,"footnotes":""},"class_list":["post-225","page","type-page","status-publish","hentry"],"_links":{"self":[{"href":"https:\/\/rezilientaclimatica.adrvest.ro\/en\/wp-json\/wp\/v2\/pages\/225","targetHints":{"allow":["GET"]}}],"collection":[{"href":"https:\/\/rezilientaclimatica.adrvest.ro\/en\/wp-json\/wp\/v2\/pages"}],"about":[{"href":"https:\/\/rezilientaclimatica.adrvest.ro\/en\/wp-json\/wp\/v2\/types\/page"}],"author":[{"embeddable":true,"href":"https:\/\/rezilientaclimatica.adrvest.ro\/en\/wp-json\/wp\/v2\/users\/1"}],"replies":[{"embeddable":true,"href":"https:\/\/rezilientaclimatica.adrvest.ro\/en\/wp-json\/wp\/v2\/comments?post=225"}],"version-history":[{"count":49,"href":"https:\/\/rezilientaclimatica.adrvest.ro\/en\/wp-json\/wp\/v2\/pages\/225\/revisions"}],"predecessor-version":[{"id":2433,"href":"https:\/\/rezilientaclimatica.adrvest.ro\/en\/wp-json\/wp\/v2\/pages\/225\/revisions\/2433"}],"wp:attachment":[{"href":"https:\/\/rezilientaclimatica.adrvest.ro\/en\/wp-json\/wp\/v2\/media?parent=225"}],"curies":[{"name":"wp","href":"https:\/\/api.w.org\/{rel}","templated":true}]}}