{"id":213,"date":"2025-10-22T11:31:45","date_gmt":"2025-10-22T11:31:45","guid":{"rendered":"http:\/\/192.168.30.47\/about-2\/"},"modified":"2026-01-24T11:30:35","modified_gmt":"2026-01-24T11:30:35","slug":"about","status":"publish","type":"page","link":"https:\/\/rezilientaclimatica.adrvest.ro\/en\/about\/","title":{"rendered":"About"},"content":{"rendered":"<div data-elementor-type=\"wp-page\" data-elementor-id=\"213\" class=\"elementor elementor-213\" data-elementor-post-type=\"page\">\n\t\t\t\t<div class=\"elementor-element elementor-element-6185da5 e-flex e-con-boxed e-con e-parent\" data-id=\"6185da5\" data-element_type=\"container\" data-e-type=\"container\" data-settings=\"{&quot;background_background&quot;:&quot;classic&quot;}\">\n\t\t\t\t\t<div class=\"e-con-inner\">\n\t\t<div class=\"elementor-element elementor-element-acd8a42 e-con-full e-flex e-con e-child\" data-id=\"acd8a42\" data-element_type=\"container\" data-e-type=\"container\">\n\t\t\t\t<div class=\"elementor-element elementor-element-0e68898 elementor-widget elementor-widget-heading\" data-id=\"0e68898\" data-element_type=\"widget\" data-e-type=\"widget\" data-widget_type=\"heading.default\">\n\t\t\t\t\t<h2 class=\"elementor-heading-title elementor-size-default\">About Us<\/h2>\t\t\t\t<\/div>\n\t\t\t\t<\/div>\n\t\t<div class=\"elementor-element elementor-element-8fd0565 e-con-full e-flex e-con e-child\" data-id=\"8fd0565\" data-element_type=\"container\" data-e-type=\"container\">\n\t\t\t\t<div class=\"elementor-element elementor-element-fb70a6f elementor-widget elementor-widget-text-editor\" data-id=\"fb70a6f\" data-element_type=\"widget\" data-e-type=\"widget\" data-widget_type=\"text-editor.default\">\n\t\t\t\t\t\t\t\t\t<p>West Region\u2019s Climate Resilience Knowledge Hub is an innovative digital platform created within the PACT4.0WEST project, implemented by ADR Vest with the support of the European Pathways2Resilience program.<\/p><p>Through this Hub and interactive Dashboard, we provide transparent access to regional climate data, analyses, monitoring tools, and best practices that support the West Region\u2019s transition toward resilience, adaptation, and net-zero emissions by 2050.<\/p>\t\t\t\t\t\t\t\t<\/div>\n\t\t\t\t<\/div>\n\t\t\t\t\t<\/div>\n\t\t\t\t<\/div>\n\t\t<div class=\"elementor-element elementor-element-adac303 e-flex e-con-boxed e-con e-parent\" data-id=\"adac303\" data-element_type=\"container\" data-e-type=\"container\">\n\t\t\t\t\t<div class=\"e-con-inner\">\n\t\t<div class=\"elementor-element elementor-element-6abaf2a e-con-full e-flex e-con e-child\" data-id=\"6abaf2a\" data-element_type=\"container\" data-e-type=\"container\">\n\t\t\t\t<div class=\"elementor-element elementor-element-f5b5304 elementor-widget elementor-widget-heading\" data-id=\"f5b5304\" data-element_type=\"widget\" data-e-type=\"widget\" data-widget_type=\"heading.default\">\n\t\t\t\t\t<h2 class=\"elementor-heading-title elementor-size-default\">Pathways2Resilience<\/h2>\t\t\t\t<\/div>\n\t\t\t\t<div class=\"elementor-element elementor-element-7fcb79c elementor-widget elementor-widget-text-editor\" data-id=\"7fcb79c\" data-element_type=\"widget\" data-e-type=\"widget\" data-widget_type=\"text-editor.default\">\n\t\t\t\t\t\t\t\t\t<p>Pathways2Resilience is an EU-funded programme under the Horizon Europe research initiative, led by EIT Climate-KIC. Running from 2023 to 2027, it supports over 100 regions and communities across Europe to co-design and implement transformative climate resilience strategies.<\/p><p>As a flagship initiative under the EU Mission on Adaptation to Climate Change, Pathways2Resilience empowers local and regional actors through an ambitious learning programme to develop and deliver locally-led, participatory, and inclusive adaptation pathways toward a climate-resilient future.<\/p>\t\t\t\t\t\t\t\t<\/div>\n\t\t\t\t<\/div>\n\t\t<div class=\"elementor-element elementor-element-9befbc8 e-con-full e-flex e-con e-child\" data-id=\"9befbc8\" data-element_type=\"container\" data-e-type=\"container\">\n\t\t\t\t<div class=\"elementor-element elementor-element-0d4d5ea elementor-widget elementor-widget-heading\" data-id=\"0d4d5ea\" data-element_type=\"widget\" data-e-type=\"widget\" data-widget_type=\"heading.default\">\n\t\t\t\t\t<h2 class=\"elementor-heading-title elementor-size-default\">PACT4.0WEST<\/h2>\t\t\t\t<\/div>\n\t\t\t\t<div class=\"elementor-element elementor-element-4db0716 elementor-widget elementor-widget-text-editor\" data-id=\"4db0716\" data-element_type=\"widget\" data-e-type=\"widget\" data-widget_type=\"text-editor.default\">\n\t\t\t\t\t\t\t\t\t<p>PACT4.0WEST is a regional initiative implemented by the West Regional Development Agency within the Pathways2Resilience programme. The project aims to transform Romania\u2019s West Region into a climate-resilient and carbon-neutral territory by 2050.<\/p><p>Through PACT4.0WEST, the West Region developed its first Climate Resilience and Adaptation Strategy. The initiative also established the West Region\u2019s Climate Resilience Knowledge Hub and Dashboard and the West Climate Resilience Network, fostering cooperation, knowledge exchange, and long-term regional transformation.<\/p>\t\t\t\t\t\t\t\t<\/div>\n\t\t\t\t<\/div>\n\t\t\t\t\t<\/div>\n\t\t\t\t<\/div>\n\t\t\t\t<\/div>","protected":false},"excerpt":{"rendered":"<p>Despre noi Platfoma pentru Rezilien\u021b\u0103 Climatic\u0103 al Regiunii Vest este o solu\u021bie digital\u0103 inovatoare creat\u0103 \u00een cadrul proiectului PACT4.0WEST, implementat de ADR Vest cu sprijinul programului european Pathways2Resilience. Prin intermediul uni Centru de Cuno\u0219tin\u021be \u0219i un Tabloului de Bord interactiv, platforma asigur\u0103 acces transparent la date, analize, instrumente de monitorizare \u0219i bune practici \u00een domeniul [&hellip;]<\/p>\n","protected":false},"author":1,"featured_media":0,"parent":0,"menu_order":0,"comment_status":"closed","ping_status":"closed","template":"","meta":{"_angie_page":false,"footnotes":""},"class_list":["post-213","page","type-page","status-publish","hentry"],"_links":{"self":[{"href":"https:\/\/rezilientaclimatica.adrvest.ro\/en\/wp-json\/wp\/v2\/pages\/213","targetHints":{"allow":["GET"]}}],"collection":[{"href":"https:\/\/rezilientaclimatica.adrvest.ro\/en\/wp-json\/wp\/v2\/pages"}],"about":[{"href":"https:\/\/rezilientaclimatica.adrvest.ro\/en\/wp-json\/wp\/v2\/types\/page"}],"author":[{"embeddable":true,"href":"https:\/\/rezilientaclimatica.adrvest.ro\/en\/wp-json\/wp\/v2\/users\/1"}],"replies":[{"embeddable":true,"href":"https:\/\/rezilientaclimatica.adrvest.ro\/en\/wp-json\/wp\/v2\/comments?post=213"}],"version-history":[{"count":67,"href":"https:\/\/rezilientaclimatica.adrvest.ro\/en\/wp-json\/wp\/v2\/pages\/213\/revisions"}],"predecessor-version":[{"id":2253,"href":"https:\/\/rezilientaclimatica.adrvest.ro\/en\/wp-json\/wp\/v2\/pages\/213\/revisions\/2253"}],"wp:attachment":[{"href":"https:\/\/rezilientaclimatica.adrvest.ro\/en\/wp-json\/wp\/v2\/media?parent=213"}],"curies":[{"name":"wp","href":"https:\/\/api.w.org\/{rel}","templated":true}]}}